{"id":713,"date":"2016-04-03T19:24:54","date_gmt":"2016-04-03T16:24:54","guid":{"rendered":"http:\/\/guvensahin.com\/?page_id=713"},"modified":"2022-09-15T19:57:32","modified_gmt":"2022-09-15T16:57:32","slug":"hakkimda","status":"publish","type":"page","link":"https:\/\/guvensahin.com\/tr\/hakkimda\/","title":{"rendered":"Hakk\u0131mda"},"content":{"rendered":"\n<p>Merhaba! Ben <strong>G\u00fcven \u015eahin<\/strong>.<\/p>\n\n\n\n<p>10 seneden fazlad\u0131r Dynamics 365 F&amp;O \/ AX Developer olarak \u00e7al\u0131\u015f\u0131yorum. Bunun yan\u0131 s\u0131ra ASP.NET tabanl\u0131 web uygulamalar\u0131 da geli\u015ftiriyorum.<\/p>\n\n\n\n<p>Bireysel olarak da native Android Development ile <a href=\"https:\/\/play.google.com\/store\/apps\/developer?id=G%C3%BCven+%C5%9Eahin\" class=\"aioseop-link\">ilgileniyorum<\/a>.<\/p>\n\n\n\n<p>Bunun haricinde pek \u00e7ok yeni teknolojiyi takip edip uygulamaya, kendimi g\u00fcncel tutmaya \u00e7al\u0131\u015f\u0131yorum. Bu blogda \u00f6\u011frendiklerimi ve deneyimlediklerimi payla\u015f\u0131yorum.<\/p>\n\n\n\n<p>\u0130ngilizce bloguma <a href=\"https:\/\/guvensahin.com\/\" data-type=\"URL\" data-id=\"https:\/\/guvensahin.com\/\">\u015furadan<\/a> ula\u015fabilirsiniz.<\/p>\n\n\n\n<p>\u00d6zge\u00e7mi\u015fime ve kurumsal tarafta yer ald\u0131\u011f\u0131m Dynamics 365-AX projelerine <a href=\"https:\/\/www.linkedin.com\/in\/guvensahin\/\" class=\"aioseop-link\"><strong>LinkedIn<\/strong><\/a> sayfamdan bakabilirsiniz.<\/p>\n\n\n\n<p>Yapm\u0131\u015f oldu\u011fum baz\u0131 irili ufakl\u0131 uygulamalara da <strong><a href=\"https:\/\/guvensahin.com\/tr\/uygulamalarim\/\">buradan<\/a><\/strong> bakabilirsiniz.<\/p>\n\n\n\n<h2 class=\"wp-block-heading\">\u0130leti\u015fim<\/h2>\n\n\n\n<p>Her t\u00fcrl\u00fc konuda bana&nbsp;<img loading=\"lazy\" decoding=\"async\" width=\"206\" height=\"16\" class=\"alignnone size-full wp-image-386\" src=\"https:\/\/guvensahin.com\/tr\/wp-content\/uploads\/2013\/03\/email.png\" alt=\"\"> adresine email atarak yada sa\u011fdaki sosyal medya hesaplar\u0131mdan ula\u015fabilirsiniz.<\/p>\n","protected":false},"excerpt":{"rendered":"<p>Merhaba! Ben G\u00fcven \u015eahin. 10 seneden fazlad\u0131r Dynamics 365 F&amp;O \/ AX Developer olarak \u00e7al\u0131\u015f\u0131yorum. Bunun yan\u0131 s\u0131ra ASP.NET tabanl\u0131 web uygulamalar\u0131 da geli\u015ftiriyorum. Bireysel olarak da native Android Development ile ilgileniyorum. Bunun haricinde pek \u00e7ok yeni teknolojiyi takip edip uygulamaya, kendimi g\u00fcncel tutmaya \u00e7al\u0131\u015f\u0131yorum. Bu blogda \u00f6\u011frendiklerimi ve deneyimlediklerimi payla\u015f\u0131yorum. \u0130ngilizce bloguma \u015furadan ula\u015fabilirsiniz.&hellip;&nbsp;<a href=\"https:\/\/guvensahin.com\/tr\/hakkimda\/\" rel=\"bookmark\">Daha fazlas\u0131n\u0131 oku &raquo;<span class=\"screen-reader-text\">Hakk\u0131mda<\/span><\/a><\/p>\n","protected":false},"author":1,"featured_media":0,"parent":0,"menu_order":0,"comment_status":"closed","ping_status":"closed","template":"","meta":{"neve_meta_sidebar":"","neve_meta_container":"","neve_meta_enable_content_width":"off","neve_meta_content_width":0,"neve_meta_title_alignment":"","neve_meta_author_avatar":"","neve_post_elements_order":"","neve_meta_disable_header":"","neve_meta_disable_footer":"","neve_meta_disable_title":"","footnotes":""},"class_list":["post-713","page","type-page","status-publish","hentry"],"_links":{"self":[{"href":"https:\/\/guvensahin.com\/tr\/wp-json\/wp\/v2\/pages\/713","targetHints":{"allow":["GET"]}}],"collection":[{"href":"https:\/\/guvensahin.com\/tr\/wp-json\/wp\/v2\/pages"}],"about":[{"href":"https:\/\/guvensahin.com\/tr\/wp-json\/wp\/v2\/types\/page"}],"author":[{"embeddable":true,"href":"https:\/\/guvensahin.com\/tr\/wp-json\/wp\/v2\/users\/1"}],"replies":[{"embeddable":true,"href":"https:\/\/guvensahin.com\/tr\/wp-json\/wp\/v2\/comments?post=713"}],"version-history":[{"count":35,"href":"https:\/\/guvensahin.com\/tr\/wp-json\/wp\/v2\/pages\/713\/revisions"}],"predecessor-version":[{"id":2630,"href":"https:\/\/guvensahin.com\/tr\/wp-json\/wp\/v2\/pages\/713\/revisions\/2630"}],"wp:attachment":[{"href":"https:\/\/guvensahin.com\/tr\/wp-json\/wp\/v2\/media?parent=713"}],"curies":[{"name":"wp","href":"https:\/\/api.w.org\/{rel}","templated":true}]}}