{"id":499,"date":"2015-03-18T19:02:28","date_gmt":"2015-03-18T19:02:28","guid":{"rendered":"http:\/\/guvensahin.com\/?page_id=499"},"modified":"2020-06-27T03:24:00","modified_gmt":"2020-06-27T00:24:00","slug":"uygulamalarim","status":"publish","type":"page","link":"https:\/\/guvensahin.com\/tr\/uygulamalarim\/","title":{"rendered":"Uygulamalar\u0131m"},"content":{"rendered":"\n<p>Yer ald\u0131\u011f\u0131m Dynamics AX \/ Dynamics 365 ERP projelerinin detaylar\u0131na <strong><a href=\"https:\/\/www.linkedin.com\/in\/guvensahin\/\" class=\"aioseop-link\">LinkedIn<\/a><\/strong> sayfamdan ula\u015fabilirsiniz.<\/p>\n\n\n\n<p>Bu sayfada ise \u00e7e\u015fitli zamanlarda pek \u00e7ok farkl\u0131 teknoloji ile (PHP, C#, Java, Javascript&#8230;) hobi ama\u00e7l\u0131 yazd\u0131\u011f\u0131m, irili ufakl\u0131 web ve mobil uygulamalar\u0131, bahsetmeye de\u011fer g\u00f6rd\u00fc\u011f\u00fcm k\u00fct\u00fcphaneleri ve eklentileri bulabilirsiniz.<\/p>\n\n\n\n<p>Baz\u0131 uygulamalar\u0131n kaynak kodlar\u0131 a\u00e7\u0131kt\u0131r, <a href=\"https:\/\/github.com\/guvensahin\" class=\"aioseop-link\">github sayfamdan<\/a>&nbsp;ula\u015fabilirsiniz.<\/p>\n\n\n\n<div style=\"height:30px\" aria-hidden=\"true\" class=\"wp-block-spacer\"><\/div>\n\n\n\n<h2 class=\"wp-block-heading\">Mobil Uygulamalar<\/h2>\n\n\n<!-- WP-Appbox (Version: 4.5.10 \/\/ Store: googleplay \/\/ ID: com.guvensahin.psmonthlygames) -->\n<div class=\"wpappbox wpappbox-92fc7c70a8e573bae9fe5c14aa4a4153 googleplay simple\">\n\t<div class=\"qrcode\"><img decoding=\"async\" src=\"https:\/\/api.qrserver.com\/v1\/create-qr-code\/?data=https%3A%2F%2Fplay.google.com%2Fstore%2Fapps%2Fdetails%3Fid%3Dcom.guvensahin.psmonthlygames&size=200x200&ecc=M&margin=0\" alt=\"PS Monthly Games\" \/><\/div>\n\t<div class=\"appicon\">\n\t\t<a target=\"_blank\" rel=\"nofollow\" href=\"https:\/\/play.google.com\/store\/apps\/details?id=com.guvensahin.psmonthlygames\"><img decoding=\"async\" src=\"\/\/play-lh.googleusercontent.com\/N_M535DB69TPm1ClB--D4knHT6o0foq-l_2gVs_rmjMbNARJo8hNTxG9sj46JzTaaIUg=s128-h480-rw\" alt=\"PS Monthly Games\" \/><\/a>\n\t<\/div>\n\t<div class=\"applinks\">\n\t\t<div class=\"appbuttons\">\n\t\t\t<a target=\"_blank\" rel=\"nofollow\" href=\"https:\/\/play.google.com\/store\/apps\/details?id=com.guvensahin.psmonthlygames\">Download<\/a>\n\t\t\t<span onMouseOver=\"jQuery('.wpappbox-92fc7c70a8e573bae9fe5c14aa4a4153 .qrcode').show();\" onMouseOut=\"jQuery('.wpappbox-92fc7c70a8e573bae9fe5c14aa4a4153 .qrcode').hide();\">QR-Code<\/span>\n\t\t<\/div>\n\t<\/div>\n\t<div class=\"appdetails\">\n\t\t<div class=\"apptitle\"><a target=\"_blank\" rel=\"nofollow\" href=\"https:\/\/play.google.com\/store\/apps\/details?id=com.guvensahin.psmonthlygames\" title=\"PS Monthly Games\" class=\"apptitle\">PS Monthly Games<\/a><\/div>\n\t\t<div class=\"developer\">\n\t\t\t<span class=\"label\">Developer: <\/span>\n\t\t\t<span class=\"value\"><a target=\"_blank\" rel=\"nofollow\" href=\"https:\/\/play.google.com\/store\/apps\/developer?id=G%C3%BCven+%C5%9Eahin\"><span>G\u00fcven \u015eahin<\/span><\/a><\/span>\n\t\t<\/div>\n\t\t<div class=\"price\">\n\t\t\t<span class=\"label\">Price: <\/span>\n\t\t\t<span class=\"value\">Free<\/span> \n\t\t\t<span class=\"rating\"><div title=\"5 of 5 stars\" class=\"rating-stars stars-monochrome stars50\"><\/div><\/span>\n\t\t<\/div>\n\t<\/div>\n<\/div><!-- \/WP-Appbox -->\n\n\n<!-- WP-Appbox (Version: 4.5.10 \/\/ Store: googleplay \/\/ ID: com.guvensahin.xboxgameswithgold) -->\n<div class=\"wpappbox wpappbox-3217a84e3b0bcc2608cf73b52fd58acf googleplay simple\">\n\t<div class=\"qrcode\"><img decoding=\"async\" src=\"https:\/\/api.qrserver.com\/v1\/create-qr-code\/?data=https%3A%2F%2Fplay.google.com%2Fstore%2Fapps%2Fdetails%3Fid%3Dcom.guvensahin.xboxgameswithgold&size=200x200&ecc=M&margin=0\" alt=\"Gold Games for Xbox - Unoffici\" \/><\/div>\n\t<div class=\"appicon\">\n\t\t<a target=\"_blank\" rel=\"nofollow\" href=\"https:\/\/play.google.com\/store\/apps\/details?id=com.guvensahin.xboxgameswithgold\"><img decoding=\"async\" src=\"\/\/play-lh.googleusercontent.com\/BI0BPrkPNixVx0xTioG8UxLSDTz5YMNXZooccvX1oAvzT3a-4U5S-FjRV9IfWdqvgzc=s128-h480\" alt=\"Gold Games for Xbox - Unoffici\" \/><\/a>\n\t<\/div>\n\t<div class=\"applinks\">\n\t\t<div class=\"appbuttons\">\n\t\t\t<a target=\"_blank\" rel=\"nofollow\" href=\"https:\/\/play.google.com\/store\/apps\/details?id=com.guvensahin.xboxgameswithgold\">Download<\/a>\n\t\t\t<span onMouseOver=\"jQuery('.wpappbox-3217a84e3b0bcc2608cf73b52fd58acf .qrcode').show();\" onMouseOut=\"jQuery('.wpappbox-3217a84e3b0bcc2608cf73b52fd58acf .qrcode').hide();\">QR-Code<\/span>\n\t\t<\/div>\n\t<\/div>\n\t<div class=\"appdetails\">\n\t\t<div class=\"apptitle\"><a target=\"_blank\" rel=\"nofollow\" href=\"https:\/\/play.google.com\/store\/apps\/details?id=com.guvensahin.xboxgameswithgold\" title=\"Gold Games for Xbox - Unoffici\" class=\"apptitle\">Gold Games for Xbox - Unoffici<\/a><\/div>\n\t\t<div class=\"developer\">\n\t\t\t<span class=\"label\">Developer: <\/span>\n\t\t\t<span class=\"value\"><a target=\"_blank\" rel=\"nofollow\" href=\"https:\/\/play.google.com\/store\/apps\/developer?id=G%C3%BCven+%C5%9Eahin\"><span>G\u00fcven \u015eahin<\/span><\/a><\/span>\n\t\t<\/div>\n\t\t<div class=\"price\">\n\t\t\t<span class=\"label\">Price: <\/span>\n\t\t\t<span class=\"value\">Free<\/span> \n\t\t\t<span class=\"rating\"><div title=\"5 of 5 stars\" class=\"rating-stars stars-monochrome stars50\"><\/div><\/span>\n\t\t<\/div>\n\t<\/div>\n<\/div><!-- \/WP-Appbox -->\n\n\n<!-- WP-Appbox (Version: 4.5.10 \/\/ Store: googleplay \/\/ ID: com.guvensahin.twentyfive) -->\n<div class=\"wpappbox wpappbox-6275b295339fb5fbeebca53f06d66cee googleplay simple\">\n\t<div class=\"qrcode\"><img decoding=\"async\" src=\"https:\/\/api.qrserver.com\/v1\/create-qr-code\/?data=https%3A%2F%2Fplay.google.com%2Fstore%2Fapps%2Fdetails%3Fid%3Dcom.guvensahin.twentyfive&size=200x200&ecc=M&margin=0\" alt=\"TwentyFive Number Puzzle\" \/><\/div>\n\t<div class=\"appicon\">\n\t\t<a target=\"_blank\" rel=\"nofollow\" href=\"https:\/\/play.google.com\/store\/apps\/details?id=com.guvensahin.twentyfive\"><img decoding=\"async\" src=\"\/\/play-lh.googleusercontent.com\/pIwJfuR9WACEQHr3vEPklHtzLiY8YgsMpE-Kla4RM0hvxWkL61v6fi9ZDgzozBhjPiM=s128-h480-rw\" alt=\"TwentyFive Number Puzzle\" \/><\/a>\n\t<\/div>\n\t<div class=\"applinks\">\n\t\t<div class=\"appbuttons\">\n\t\t\t<a target=\"_blank\" rel=\"nofollow\" href=\"https:\/\/play.google.com\/store\/apps\/details?id=com.guvensahin.twentyfive\">Download<\/a>\n\t\t\t<span onMouseOver=\"jQuery('.wpappbox-6275b295339fb5fbeebca53f06d66cee .qrcode').show();\" onMouseOut=\"jQuery('.wpappbox-6275b295339fb5fbeebca53f06d66cee .qrcode').hide();\">QR-Code<\/span>\n\t\t<\/div>\n\t<\/div>\n\t<div class=\"appdetails\">\n\t\t<div class=\"apptitle\"><a target=\"_blank\" rel=\"nofollow\" href=\"https:\/\/play.google.com\/store\/apps\/details?id=com.guvensahin.twentyfive\" title=\"TwentyFive Number Puzzle\" class=\"apptitle\">TwentyFive Number Puzzle<\/a><\/div>\n\t\t<div class=\"developer\">\n\t\t\t<span class=\"label\">Developer: <\/span>\n\t\t\t<span class=\"value\"><a target=\"_blank\" rel=\"nofollow\" href=\"https:\/\/play.google.com\/store\/apps\/developer?id=G%C3%BCven+%C5%9Eahin\"><span>G\u00fcven \u015eahin<\/span><\/a><\/span>\n\t\t<\/div>\n\t\t<div class=\"price\">\n\t\t\t<span class=\"label\">Price: <\/span>\n\t\t\t<span class=\"value\">Free<\/span> \n\t\t\t<span class=\"rating\"><div title=\"5 of 5 stars\" class=\"rating-stars stars-monochrome stars50\"><\/div><\/span>\n\t\t<\/div>\n\t<\/div>\n<\/div><!-- \/WP-Appbox -->\n\n\n<!-- WP-Appbox (Version: 4.5.10 \/\/ Store: googleplay \/\/ ID: com.guvensahin.coffeedictionary) -->\n<div class=\"wpappbox wpappbox-5698174f63b41a3cd5bc808f54761573 googleplay simple\">\n\t<div class=\"qrcode\"><img decoding=\"async\" src=\"https:\/\/api.qrserver.com\/v1\/create-qr-code\/?data=https%3A%2F%2Fplay.google.com%2Fstore%2Fapps%2Fdetails%3Fid%3Dcom.guvensahin.coffeedictionary&size=200x200&ecc=M&margin=0\" alt=\"Kahve S\u00f6zl\u00fc\u011f\u00fc\" \/><\/div>\n\t<div class=\"appicon\">\n\t\t<a target=\"_blank\" rel=\"nofollow\" href=\"https:\/\/play.google.com\/store\/apps\/details?id=com.guvensahin.coffeedictionary\"><img decoding=\"async\" src=\"\/\/play-lh.googleusercontent.com\/xeUhR2KA06OYQu992yiUyNuAfSsnpI4WKgo7IZpxtMQUzPmU3u9AJYiMa2mIZE-Jgdo=s128-h480\" alt=\"Kahve S\u00f6zl\u00fc\u011f\u00fc\" \/><\/a>\n\t<\/div>\n\t<div class=\"applinks\">\n\t\t<div class=\"appbuttons\">\n\t\t\t<a target=\"_blank\" rel=\"nofollow\" href=\"https:\/\/play.google.com\/store\/apps\/details?id=com.guvensahin.coffeedictionary\">Download<\/a>\n\t\t\t<span onMouseOver=\"jQuery('.wpappbox-5698174f63b41a3cd5bc808f54761573 .qrcode').show();\" onMouseOut=\"jQuery('.wpappbox-5698174f63b41a3cd5bc808f54761573 .qrcode').hide();\">QR-Code<\/span>\n\t\t<\/div>\n\t<\/div>\n\t<div class=\"appdetails\">\n\t\t<div class=\"apptitle\"><a target=\"_blank\" rel=\"nofollow\" href=\"https:\/\/play.google.com\/store\/apps\/details?id=com.guvensahin.coffeedictionary\" title=\"Kahve S\u00f6zl\u00fc\u011f\u00fc\" class=\"apptitle\">Kahve S\u00f6zl\u00fc\u011f\u00fc<\/a><\/div>\n\t\t<div class=\"developer\">\n\t\t\t<span class=\"label\">Developer: <\/span>\n\t\t\t<span class=\"value\"><a target=\"_blank\" rel=\"nofollow\" href=\"https:\/\/play.google.com\/store\/apps\/developer?id=G%C3%BCven+%C5%9Eahin\"><span>G\u00fcven \u015eahin<\/span><\/a><\/span>\n\t\t<\/div>\n\t\t<div class=\"price\">\n\t\t\t<span class=\"label\">Price: <\/span>\n\t\t\t<span class=\"value\">Free<\/span> \n\t\t\t<span class=\"rating\"><div title=\"5 of 5 stars\" class=\"rating-stars stars-monochrome stars50\"><\/div><\/span>\n\t\t<\/div>\n\t<\/div>\n<\/div><!-- \/WP-Appbox -->\n\n\n\n<div style=\"height:30px\" aria-hidden=\"true\" class=\"wp-block-spacer\"><\/div>\n\n\n\n<h2 class=\"wp-block-heading\">Web Siteleri<\/h2>\n\n\n\n<p><a href=\"http:\/\/benzersanatci.guvensahin.com\/\" class=\"aioseop-link\">Benzer Sanat\u00e7\u0131<\/a>: Bir sanat\u00e7\u0131n\u0131n ismini yazd\u0131\u011f\u0131n\u0131zda, size ayn\u0131 m\u00fczik tarz\u0131na sahip benzer sanat\u00e7\u0131lar \u00f6neren web sitesi.<\/p>\n\n\n\n<p><a rel=\"noreferrer noopener\" href=\"http:\/\/joker.guvensahin.com\/\" target=\"_blank\">Joker Hesaplay\u0131c\u0131s\u0131:<\/a> Yemeksepetinden verilen toplu sipari\u015flerde; sipari\u015fe joker indirimi uyguland\u0131ktan sonra, taraflar\u0131n indirim \u00f6ncesinde ald\u0131\u011f\u0131 \u00fcr\u00fcnlere g\u00f6re indirim sonras\u0131nda ne kadar \u00f6demesi gerekti\u011fini hesaplayan web sitesi.<\/p>\n\n\n\n<div style=\"height:30px\" aria-hidden=\"true\" class=\"wp-block-spacer\"><\/div>\n\n\n\n<h2 class=\"wp-block-heading\">Taray\u0131c\u0131 Eklentileri<\/h2>\n\n\n<!-- WP-Appbox (Version: 4.5.10 \/\/ Store: chromewebstore \/\/ ID: ibgldhkfigkckofcdgagbgjgedcgbfcl) -->\n<div class=\"wpappbox wpappbox-2ef5a2b8f7c5a935f26f8a718322ed86 chromewebstore simple\">\n\t<div class=\"qrcode\"><img decoding=\"async\" src=\"https:\/\/api.qrserver.com\/v1\/create-qr-code\/?data=https%3A%2F%2Fchromewebstore.google.com%2Fdetail%2Fredmine-companion%2Fibgldhkfigkckofcdgagbgjgedcgbfcl&size=200x200&ecc=M&margin=0\" alt=\"Redmine Companion - Chrome Web Store\" \/><\/div>\n\t<div class=\"appicon\">\n\t\t<a target=\"_blank\" rel=\"nofollow\" href=\"https:\/\/chromewebstore.google.com\/detail\/redmine-companion\/ibgldhkfigkckofcdgagbgjgedcgbfcl\"><img decoding=\"async\" src=\"\/\/lh3.googleusercontent.com\/MX_3HA-gNdgLdMWoS0aAvMrCp4QkEIEgQW40eBk5EPyRFqeSdlYoOZ3vVscHpGdp8Sp-rgiwOhUCe_mUISNksVBisw=s128-rj-sc0x00ffffff\" alt=\"Redmine Companion - Chrome Web Store\" \/><\/a>\n\t<\/div>\n\t<div class=\"applinks\">\n\t\t<div class=\"appbuttons\">\n\t\t\t<a target=\"_blank\" rel=\"nofollow\" href=\"https:\/\/chromewebstore.google.com\/detail\/redmine-companion\/ibgldhkfigkckofcdgagbgjgedcgbfcl\">Download<\/a>\n\t\t\t<span onMouseOver=\"jQuery('.wpappbox-2ef5a2b8f7c5a935f26f8a718322ed86 .qrcode').show();\" onMouseOut=\"jQuery('.wpappbox-2ef5a2b8f7c5a935f26f8a718322ed86 .qrcode').hide();\">QR-Code<\/span>\n\t\t<\/div>\n\t<\/div>\n\t<div class=\"appdetails\">\n\t\t<div class=\"apptitle\"><a target=\"_blank\" rel=\"nofollow\" href=\"https:\/\/chromewebstore.google.com\/detail\/redmine-companion\/ibgldhkfigkckofcdgagbgjgedcgbfcl\" title=\"Redmine Companion - Chrome Web Store\" class=\"apptitle\">Redmine Companion - Chrome Web Store<\/a><\/div>\n\t\t<div class=\"developer\">\n\t\t\t<span class=\"label\">Developer: <\/span>\n\t\t\t<span class=\"value\"><a target=\"_blank\" rel=\"nofollow\" href=\"https:\/\/chromewebstore.google.com\/detail\/redmine-companion\/ibgldhkfigkckofcdgagbgjgedcgbfcl\">Unknown<\/a><\/span>\n\t\t<\/div>\n\t\t<div class=\"price\">\n\t\t\t<span class=\"label\">Price: <\/span>\n\t\t\t<span class=\"value\">Free<\/span> \n\t\t\t<span class=\"rating\"><\/span>\n\t\t<\/div>\n\t<\/div>\n<\/div><!-- \/WP-Appbox -->\n\n\n\n<div style=\"height:30px\" aria-hidden=\"true\" class=\"wp-block-spacer\"><\/div>\n\n\n\n<h2 class=\"wp-block-heading\">K\u00fct\u00fcphaneler<\/h2>\n\n\n\n<p><a href=\"https:\/\/guvensahin.com\/tr\/dynamics-365-fo-finansal-boyut-islemleri-default-dimension\/\">DimensionHelper<\/a>: Dynamics 365 F&amp;O i\u00e7in DefaultDimension&#8217;lar\u0131 kolayca g\u00fcncellemenize yard\u0131mc\u0131 olan bir s\u0131n\u0131f.<\/p>\n\n\n\n<p><a href=\"https:\/\/guvensahin.com\/tr\/dynamics-ax-csv-ve-excel-aktarim-siniflari\/\" class=\"aioseop-link\">CSV-Excel Import:<\/a> Dynamics AX 2009, 2012 ve upgrade ederek 365 de kullanabilece\u011finiz; csv ve excel dosyalar\u0131ndan h\u0131zl\u0131ca veri aktarman\u0131za yarayan bir k\u00fct\u00fcphane.<\/p>\n\n\n\n<p><a href=\"https:\/\/guvensahin.com\/tr\/dynamics-ax-2012-ile-json-olusturma-islemleri\/\" class=\"aioseop-link\">Dynamics AX JSON<\/a>: Dynamics AX 2009, 2012 ve upgrade ederek 365 de kullanabilece\u011finiz; AX i\u00e7inden kolay \u015fekilde json \u00fcretmenize yarayan k\u00fct\u00fcphane.<\/p>\n\n\n\n<p><a rel=\"noreferrer noopener\" href=\"https:\/\/github.com\/guvensahin\/TRYExchRate\" target=\"_blank\" class=\"aioseop-link\">TRYExchRate<\/a>: T.C. Merkez Bankas\u0131 (TCMB) taraf\u0131ndan yay\u0131nlanan d\u00f6viz kurlar\u0131n\u0131 almak i\u00e7in yaz\u0131lan bir C# k\u00fct\u00fcphanesidir.&nbsp;Kullan\u0131m\u0131ndan bahsetti\u011fim <a href=\"https:\/\/guvensahin.com\/tr\/t-c-merkez-bankasi-kur-kutuphanesi-c\/\" class=\"aioseop-link\">blog yaz\u0131m.<\/a><\/p>\n\n\n\n<div style=\"height:30px\" aria-hidden=\"true\" class=\"wp-block-spacer\"><\/div>\n\n\n\n<h2 class=\"wp-block-heading\">Masa\u00fcst\u00fc Uygulamalar\u0131<\/h2>\n\n\n\n<p><a rel=\"noreferrer noopener\" href=\"https:\/\/guvensahin.com\/tr\/windows-servislerini-kolayca-yonetin-quickservice\/\" target=\"_blank\" class=\"aioseop-link\">QuickService<\/a>: Windows da her oturum a\u00e7t\u0131\u011f\u0131n\u0131zda sisteme y\u00fck bindirmemesi i\u00e7in ba\u015flamas\u0131n\u0131 istemedi\u011finiz, ama arada da laz\u0131m olan servisleri masa\u00fcst\u00fcnden tek t\u0131kla a\u00e7\u0131p kapatmaya yarayan bir windows uygulamas\u0131.<\/p>\n","protected":false},"excerpt":{"rendered":"<p>Yer ald\u0131\u011f\u0131m Dynamics AX \/ Dynamics 365 ERP projelerinin detaylar\u0131na LinkedIn sayfamdan ula\u015fabilirsiniz. Bu sayfada ise \u00e7e\u015fitli zamanlarda pek \u00e7ok farkl\u0131 teknoloji ile (PHP, C#, Java, Javascript&#8230;) hobi ama\u00e7l\u0131 yazd\u0131\u011f\u0131m, irili ufakl\u0131 web ve mobil uygulamalar\u0131, bahsetmeye de\u011fer g\u00f6rd\u00fc\u011f\u00fcm k\u00fct\u00fcphaneleri ve eklentileri bulabilirsiniz. Baz\u0131 uygulamalar\u0131n kaynak kodlar\u0131 a\u00e7\u0131kt\u0131r, github sayfamdan&nbsp;ula\u015fabilirsiniz. Mobil Uygulamalar Web Siteleri Benzer&hellip;&nbsp;<a href=\"https:\/\/guvensahin.com\/tr\/uygulamalarim\/\" rel=\"bookmark\">Daha fazlas\u0131n\u0131 oku &raquo;<span class=\"screen-reader-text\">Uygulamalar\u0131m<\/span><\/a><\/p>\n","protected":false},"author":1,"featured_media":0,"parent":0,"menu_order":0,"comment_status":"closed","ping_status":"open","template":"","meta":{"neve_meta_sidebar":"","neve_meta_container":"","neve_meta_enable_content_width":"off","neve_meta_content_width":0,"neve_meta_title_alignment":"","neve_meta_author_avatar":"","neve_post_elements_order":"","neve_meta_disable_header":"","neve_meta_disable_footer":"","neve_meta_disable_title":"","footnotes":""},"class_list":["post-499","page","type-page","status-publish","hentry"],"_links":{"self":[{"href":"https:\/\/guvensahin.com\/tr\/wp-json\/wp\/v2\/pages\/499","targetHints":{"allow":["GET"]}}],"collection":[{"href":"https:\/\/guvensahin.com\/tr\/wp-json\/wp\/v2\/pages"}],"about":[{"href":"https:\/\/guvensahin.com\/tr\/wp-json\/wp\/v2\/types\/page"}],"author":[{"embeddable":true,"href":"https:\/\/guvensahin.com\/tr\/wp-json\/wp\/v2\/users\/1"}],"replies":[{"embeddable":true,"href":"https:\/\/guvensahin.com\/tr\/wp-json\/wp\/v2\/comments?post=499"}],"version-history":[{"count":66,"href":"https:\/\/guvensahin.com\/tr\/wp-json\/wp\/v2\/pages\/499\/revisions"}],"predecessor-version":[{"id":2216,"href":"https:\/\/guvensahin.com\/tr\/wp-json\/wp\/v2\/pages\/499\/revisions\/2216"}],"wp:attachment":[{"href":"https:\/\/guvensahin.com\/tr\/wp-json\/wp\/v2\/media?parent=499"}],"curies":[{"name":"wp","href":"https:\/\/api.w.org\/{rel}","templated":true}]}}